{"id":1144,"date":"2018-07-16T12:38:38","date_gmt":"2018-07-16T12:38:38","guid":{"rendered":"http:\/\/hp.dev-soft.pl\/products\/beauty-elixir-hibiscus-mint\/"},"modified":"2018-10-18T07:56:36","modified_gmt":"2018-10-18T07:56:36","slug":"beauty-elixir-hibiscus-mint","status":"publish","type":"product","link":"https:\/\/healthypleasures.de\/en\/products\/beauty-elixir-hibiscus-mint\/","title":{"rendered":"Beauty Elixir Hibiscus Mint"},"content":{"rendered":"<p>Eine k\u00f6stliche st\u00e4rkende Mischung aus \u00c4gyptischem Hibiskus, Minze und Stevia.<br \/>\nHibiskus wird seit Jahrhunderten als Schatz der Sch\u00f6nheit und des guten Bauchgef\u00fchls verehrt. Er ist reich an Polyphenolen, die Gewichtsreduktion unterst\u00fctzen und zur besseren Hautbeschaffenheit und jugendlichen Ausstrahlung beitragen.<\/p>\n<p>Beauty Elixir war Gewinner der Goldenen Medaille der 2018 Global Tea Championships.<br \/>\nDer Tee ist g\u00f6ttlich! Wenn kalt getrunken, sollte er zun\u00e4chst mit hei\u00dfem Wasser aufgegossen werden. Es kann sein, dass du f\u00f6rmlich s\u00fcchtig danach wirst.<\/p>\n","protected":false},"featured_media":536,"template":"","meta":{"site-sidebar-layout":"default","site-content-layout":"","ast-site-content-layout":"","site-content-style":"default","site-sidebar-style":"default","ast-global-header-display":"","ast-banner-title-visibility":"","ast-main-header-display":"","ast-hfb-above-header-display":"","ast-hfb-below-header-display":"","ast-hfb-mobile-header-display":"","site-post-title":"","ast-breadcrumbs-content":"","ast-featured-img":"","footer-sml-layout":"","theme-transparent-header-meta":"","adv-header-id-meta":"","stick-header-meta":"","header-above-stick-meta":"","header-main-stick-meta":"","header-below-stick-meta":"","astra-migrate-meta-layouts":"default","ast-page-background-enabled":"default","ast-page-background-meta":{"desktop":{"background-color":"var(--ast-global-color-4)","background-image":"","background-repeat":"repeat","background-position":"center center","background-size":"auto","background-attachment":"scroll","background-type":"","background-media":"","overlay-type":"","overlay-color":"","overlay-opacity":"","overlay-gradient":""},"tablet":{"background-color":"","background-image":"","background-repeat":"repeat","background-position":"center center","background-size":"auto","background-attachment":"scroll","background-type":"","background-media":"","overlay-type":"","overlay-color":"","overlay-opacity":"","overlay-gradient":""},"mobile":{"background-color":"","background-image":"","background-repeat":"repeat","background-position":"center center","background-size":"auto","background-attachment":"scroll","background-type":"","background-media":"","overlay-type":"","overlay-color":"","overlay-opacity":"","overlay-gradient":""}},"ast-content-background-meta":{"desktop":{"background-color":"var(--ast-global-color-5)","background-image":"","background-repeat":"repeat","background-position":"center center","background-size":"auto","background-attachment":"scroll","background-type":"","background-media":"","overlay-type":"","overlay-color":"","overlay-opacity":"","overlay-gradient":""},"tablet":{"background-color":"var(--ast-global-color-5)","background-image":"","background-repeat":"repeat","background-position":"center center","background-size":"auto","background-attachment":"scroll","background-type":"","background-media":"","overlay-type":"","overlay-color":"","overlay-opacity":"","overlay-gradient":""},"mobile":{"background-color":"var(--ast-global-color-5)","background-image":"","background-repeat":"repeat","background-position":"center center","background-size":"auto","background-attachment":"scroll","background-type":"","background-media":"","overlay-type":"","overlay-color":"","overlay-opacity":"","overlay-gradient":""}}},"class_list":["post-1144","product","type-product","status-publish","has-post-thumbnail","hentry"],"_links":{"self":[{"href":"https:\/\/healthypleasures.de\/en\/wp-json\/wp\/v2\/product\/1144","targetHints":{"allow":["GET"]}}],"collection":[{"href":"https:\/\/healthypleasures.de\/en\/wp-json\/wp\/v2\/product"}],"about":[{"href":"https:\/\/healthypleasures.de\/en\/wp-json\/wp\/v2\/types\/product"}],"wp:featuredmedia":[{"embeddable":true,"href":"https:\/\/healthypleasures.de\/en\/wp-json\/wp\/v2\/media\/536"}],"wp:attachment":[{"href":"https:\/\/healthypleasures.de\/en\/wp-json\/wp\/v2\/media?parent=1144"}],"curies":[{"name":"wp","href":"https:\/\/api.w.org\/{rel}","templated":true}]}}