{"id":1147,"date":"2018-09-18T09:58:11","date_gmt":"2018-09-18T09:58:11","guid":{"rendered":"http:\/\/hp.dev-soft.pl\/products\/for-women-live-bacteria-capsules\/"},"modified":"2018-11-07T09:48:08","modified_gmt":"2018-11-07T09:48:08","slug":"for-women-live-bacteria-capsules","status":"publish","type":"product","link":"https:\/\/healthypleasures.de\/en\/products\/for-women-live-bacteria-capsules\/","title":{"rendered":"For Women Live Bacteria Capsules"},"content":{"rendered":"<p>Blasenentz\u00fcndungen m\u00fcssen uns nicht mehr leiden lassen! Dieses Produkt enth\u00e4lt in jeder Kapsel 3 Billionen lebendiger Bakterien, die speziell f\u00fcr Frauen zusammengesetzt wurden. Zus\u00e4tzlich sind St\u00e4mme der Lactobacillus Rhamnosus enthalten, die Bauchkr\u00e4mpfe, Bl\u00e4hungen und Symptome eines irritierten Darms lindern. Empfehlenswert auch nach Antibiotikatherapie sowie zur Bek\u00e4mpfung von Soor und Candida Pilzen. Mit Vitamin C.<\/p>\n","protected":false},"featured_media":571,"template":"","meta":{"site-sidebar-layout":"default","site-content-layout":"","ast-site-content-layout":"","site-content-style":"default","site-sidebar-style":"default","ast-global-header-display":"","ast-banner-title-visibility":"","ast-main-header-display":"","ast-hfb-above-header-display":"","ast-hfb-below-header-display":"","ast-hfb-mobile-header-display":"","site-post-title":"","ast-breadcrumbs-content":"","ast-featured-img":"","footer-sml-layout":"","theme-transparent-header-meta":"","adv-header-id-meta":"","stick-header-meta":"","header-above-stick-meta":"","header-main-stick-meta":"","header-below-stick-meta":"","astra-migrate-meta-layouts":"default","ast-page-background-enabled":"default","ast-page-background-meta":{"desktop":{"background-color":"var(--ast-global-color-4)","background-image":"","background-repeat":"repeat","background-position":"center center","background-size":"auto","background-attachment":"scroll","background-type":"","background-media":"","overlay-type":"","overlay-color":"","overlay-opacity":"","overlay-gradient":""},"tablet":{"background-color":"","background-image":"","background-repeat":"repeat","background-position":"center center","background-size":"auto","background-attachment":"scroll","background-type":"","background-media":"","overlay-type":"","overlay-color":"","overlay-opacity":"","overlay-gradient":""},"mobile":{"background-color":"","background-image":"","background-repeat":"repeat","background-position":"center center","background-size":"auto","background-attachment":"scroll","background-type":"","background-media":"","overlay-type":"","overlay-color":"","overlay-opacity":"","overlay-gradient":""}},"ast-content-background-meta":{"desktop":{"background-color":"var(--ast-global-color-5)","background-image":"","background-repeat":"repeat","background-position":"center center","background-size":"auto","background-attachment":"scroll","background-type":"","background-media":"","overlay-type":"","overlay-color":"","overlay-opacity":"","overlay-gradient":""},"tablet":{"background-color":"var(--ast-global-color-5)","background-image":"","background-repeat":"repeat","background-position":"center center","background-size":"auto","background-attachment":"scroll","background-type":"","background-media":"","overlay-type":"","overlay-color":"","overlay-opacity":"","overlay-gradient":""},"mobile":{"background-color":"var(--ast-global-color-5)","background-image":"","background-repeat":"repeat","background-position":"center center","background-size":"auto","background-attachment":"scroll","background-type":"","background-media":"","overlay-type":"","overlay-color":"","overlay-opacity":"","overlay-gradient":""}}},"class_list":["post-1147","product","type-product","status-publish","has-post-thumbnail","hentry"],"_links":{"self":[{"href":"https:\/\/healthypleasures.de\/en\/wp-json\/wp\/v2\/product\/1147","targetHints":{"allow":["GET"]}}],"collection":[{"href":"https:\/\/healthypleasures.de\/en\/wp-json\/wp\/v2\/product"}],"about":[{"href":"https:\/\/healthypleasures.de\/en\/wp-json\/wp\/v2\/types\/product"}],"wp:featuredmedia":[{"embeddable":true,"href":"https:\/\/healthypleasures.de\/en\/wp-json\/wp\/v2\/media\/571"}],"wp:attachment":[{"href":"https:\/\/healthypleasures.de\/en\/wp-json\/wp\/v2\/media?parent=1147"}],"curies":[{"name":"wp","href":"https:\/\/api.w.org\/{rel}","templated":true}]}}