{"id":1185,"date":"2018-10-10T07:46:08","date_gmt":"2018-10-10T07:46:08","guid":{"rendered":"http:\/\/hp.dev-soft.pl\/products\/hello-sunshine-vitamin-d-k2-und-calcium\/"},"modified":"2018-10-18T07:50:57","modified_gmt":"2018-10-18T07:50:57","slug":"hello-sunshine-vitamin-d-k2-und-calcium","status":"publish","type":"product","link":"https:\/\/healthypleasures.de\/en\/products\/hello-sunshine-vitamin-d-k2-und-calcium\/","title":{"rendered":"HELLO SUNSHINE Vitamin D, K2 und Calcium"},"content":{"rendered":"<p>Beschreibung<\/p>\n<p>Der heutige Lebensstil erlaubt uns selten, gen\u00fcgend Sonne zu bekommen, die f\u00fcr die k\u00f6rpereigene Produktion von Vitamin D notwendig ist. Die nat\u00fcrliche, pflanzliche Form von Vitamin D in Bioqualit\u00e4t in Hello Sunshine bringt 150% des Tagesbedarfs. Pflanzliches Calcium aus der roten Bio-Kalkalge sichert eine besonders hohe Bioverf\u00fcgbarkeit \u2013 ein Booster f\u00fcr gute Stimmung und ein stabiles Immunsystem.<\/p>\n","protected":false},"featured_media":838,"template":"","meta":{"site-sidebar-layout":"default","site-content-layout":"","ast-site-content-layout":"","site-content-style":"default","site-sidebar-style":"default","ast-global-header-display":"","ast-banner-title-visibility":"","ast-main-header-display":"","ast-hfb-above-header-display":"","ast-hfb-below-header-display":"","ast-hfb-mobile-header-display":"","site-post-title":"","ast-breadcrumbs-content":"","ast-featured-img":"","footer-sml-layout":"","theme-transparent-header-meta":"","adv-header-id-meta":"","stick-header-meta":"","header-above-stick-meta":"","header-main-stick-meta":"","header-below-stick-meta":"","astra-migrate-meta-layouts":"default","ast-page-background-enabled":"default","ast-page-background-meta":{"desktop":{"background-color":"var(--ast-global-color-4)","background-image":"","background-repeat":"repeat","background-position":"center center","background-size":"auto","background-attachment":"scroll","background-type":"","background-media":"","overlay-type":"","overlay-color":"","overlay-opacity":"","overlay-gradient":""},"tablet":{"background-color":"","background-image":"","background-repeat":"repeat","background-position":"center center","background-size":"auto","background-attachment":"scroll","background-type":"","background-media":"","overlay-type":"","overlay-color":"","overlay-opacity":"","overlay-gradient":""},"mobile":{"background-color":"","background-image":"","background-repeat":"repeat","background-position":"center center","background-size":"auto","background-attachment":"scroll","background-type":"","background-media":"","overlay-type":"","overlay-color":"","overlay-opacity":"","overlay-gradient":""}},"ast-content-background-meta":{"desktop":{"background-color":"var(--ast-global-color-5)","background-image":"","background-repeat":"repeat","background-position":"center center","background-size":"auto","background-attachment":"scroll","background-type":"","background-media":"","overlay-type":"","overlay-color":"","overlay-opacity":"","overlay-gradient":""},"tablet":{"background-color":"var(--ast-global-color-5)","background-image":"","background-repeat":"repeat","background-position":"center center","background-size":"auto","background-attachment":"scroll","background-type":"","background-media":"","overlay-type":"","overlay-color":"","overlay-opacity":"","overlay-gradient":""},"mobile":{"background-color":"var(--ast-global-color-5)","background-image":"","background-repeat":"repeat","background-position":"center center","background-size":"auto","background-attachment":"scroll","background-type":"","background-media":"","overlay-type":"","overlay-color":"","overlay-opacity":"","overlay-gradient":""}}},"class_list":["post-1185","product","type-product","status-publish","has-post-thumbnail","hentry"],"_links":{"self":[{"href":"https:\/\/healthypleasures.de\/en\/wp-json\/wp\/v2\/product\/1185","targetHints":{"allow":["GET"]}}],"collection":[{"href":"https:\/\/healthypleasures.de\/en\/wp-json\/wp\/v2\/product"}],"about":[{"href":"https:\/\/healthypleasures.de\/en\/wp-json\/wp\/v2\/types\/product"}],"wp:featuredmedia":[{"embeddable":true,"href":"https:\/\/healthypleasures.de\/en\/wp-json\/wp\/v2\/media\/838"}],"wp:attachment":[{"href":"https:\/\/healthypleasures.de\/en\/wp-json\/wp\/v2\/media?parent=1185"}],"curies":[{"name":"wp","href":"https:\/\/api.w.org\/{rel}","templated":true}]}}