{"id":1188,"date":"2018-10-10T07:51:29","date_gmt":"2018-10-10T07:51:29","guid":{"rendered":"http:\/\/hp.dev-soft.pl\/products\/energise-me-14-days\/"},"modified":"2019-08-02T08:27:24","modified_gmt":"2019-08-02T08:27:24","slug":"energise-me-14-days","status":"publish","type":"product","link":"https:\/\/healthypleasures.de\/en\/products\/energise-me-14-days\/","title":{"rendered":"Energise Me 14 Days"},"content":{"rendered":"<p>Beschreibung<\/p>\n<p>Unsere hohe Beanspruchung im Alltagsstress braucht manchmal etwas Unterst\u00fctzung. Dieses Produkt hilft, M\u00fcdigkeitserscheinungen entgegenzuwirken und Fitness, Ausdauer und Vitalit\u00e4t wiederherzustellen. Eine reichhaltige Mischung aus Vitaminen, Mineralstoffen und Superfood-Extrakten gibt nachweislich Energie und st\u00e4rkt die Gehirnfunktionen sowie Immunabwehr. Ein idealer Begleiter des modernen Lifestyles.<\/p>\n<p>My Capsules: Die Kapseln werden morgens mit dem Fr\u00fchst\u00fcck eingenommen.<br \/>\nMy Drink: Sachet-Inhalt in 200 ml Wasser aufl\u00f6sen und am Besten morgens einnehmen.<br \/>\nWichtig: T\u00e4glich mind. 2 l Wasser trinken!<\/p>\n","protected":false},"featured_media":2547,"template":"","meta":{"site-sidebar-layout":"default","site-content-layout":"","ast-site-content-layout":"","site-content-style":"default","site-sidebar-style":"default","ast-global-header-display":"","ast-banner-title-visibility":"","ast-main-header-display":"","ast-hfb-above-header-display":"","ast-hfb-below-header-display":"","ast-hfb-mobile-header-display":"","site-post-title":"","ast-breadcrumbs-content":"","ast-featured-img":"","footer-sml-layout":"","theme-transparent-header-meta":"","adv-header-id-meta":"","stick-header-meta":"","header-above-stick-meta":"","header-main-stick-meta":"","header-below-stick-meta":"","astra-migrate-meta-layouts":"default","ast-page-background-enabled":"default","ast-page-background-meta":{"desktop":{"background-color":"var(--ast-global-color-4)","background-image":"","background-repeat":"repeat","background-position":"center center","background-size":"auto","background-attachment":"scroll","background-type":"","background-media":"","overlay-type":"","overlay-color":"","overlay-opacity":"","overlay-gradient":""},"tablet":{"background-color":"","background-image":"","background-repeat":"repeat","background-position":"center center","background-size":"auto","background-attachment":"scroll","background-type":"","background-media":"","overlay-type":"","overlay-color":"","overlay-opacity":"","overlay-gradient":""},"mobile":{"background-color":"","background-image":"","background-repeat":"repeat","background-position":"center center","background-size":"auto","background-attachment":"scroll","background-type":"","background-media":"","overlay-type":"","overlay-color":"","overlay-opacity":"","overlay-gradient":""}},"ast-content-background-meta":{"desktop":{"background-color":"var(--ast-global-color-5)","background-image":"","background-repeat":"repeat","background-position":"center center","background-size":"auto","background-attachment":"scroll","background-type":"","background-media":"","overlay-type":"","overlay-color":"","overlay-opacity":"","overlay-gradient":""},"tablet":{"background-color":"var(--ast-global-color-5)","background-image":"","background-repeat":"repeat","background-position":"center center","background-size":"auto","background-attachment":"scroll","background-type":"","background-media":"","overlay-type":"","overlay-color":"","overlay-opacity":"","overlay-gradient":""},"mobile":{"background-color":"var(--ast-global-color-5)","background-image":"","background-repeat":"repeat","background-position":"center center","background-size":"auto","background-attachment":"scroll","background-type":"","background-media":"","overlay-type":"","overlay-color":"","overlay-opacity":"","overlay-gradient":""}}},"class_list":["post-1188","product","type-product","status-publish","has-post-thumbnail","hentry"],"_links":{"self":[{"href":"https:\/\/healthypleasures.de\/en\/wp-json\/wp\/v2\/product\/1188","targetHints":{"allow":["GET"]}}],"collection":[{"href":"https:\/\/healthypleasures.de\/en\/wp-json\/wp\/v2\/product"}],"about":[{"href":"https:\/\/healthypleasures.de\/en\/wp-json\/wp\/v2\/types\/product"}],"wp:featuredmedia":[{"embeddable":true,"href":"https:\/\/healthypleasures.de\/en\/wp-json\/wp\/v2\/media\/2547"}],"wp:attachment":[{"href":"https:\/\/healthypleasures.de\/en\/wp-json\/wp\/v2\/media?parent=1188"}],"curies":[{"name":"wp","href":"https:\/\/api.w.org\/{rel}","templated":true}]}}