{"id":1191,"date":"2018-10-10T07:56:13","date_gmt":"2018-10-10T07:56:13","guid":{"rendered":"http:\/\/hp.dev-soft.pl\/products\/calm-me-14-days\/"},"modified":"2019-08-02T08:24:16","modified_gmt":"2019-08-02T08:24:16","slug":"calm-me-14-days","status":"publish","type":"product","link":"https:\/\/healthypleasures.de\/en\/products\/calm-me-14-days\/","title":{"rendered":"Calm Me 14 Days"},"content":{"rendered":"<p>Das moderne Leben powert aus: Schlafmangel und Ersch\u00f6pfung setzen einen Teufelskreis in Gang, der uns leicht \u00fcberw\u00e4ltigt.<br \/>\nCalm Me bringt mit sich kraftvolle Inhaltsstoffe, die unserem K\u00f6rper und Geist zur Beruhigung verhelfen. Wir schlafen besser und f\u00fchlen uns nachhaltig belebt. Magnesium entspannt uns sorgt f\u00fcr Gelassenheit, B-Vitamine pflegen das Nervensystem, Vitamin C steigert die Energie und reduziert Ersch\u00f6pfung, Jod bewahrt die optimalen kognitiven Funktionen.<br \/>\nKapseln zur Einnahme am Morgen. Trinkmischung wird nach 16 Uhr verwendet.<\/p>\n","protected":false},"featured_media":2541,"template":"","meta":{"site-sidebar-layout":"default","site-content-layout":"","ast-site-content-layout":"","site-content-style":"default","site-sidebar-style":"default","ast-global-header-display":"","ast-banner-title-visibility":"","ast-main-header-display":"","ast-hfb-above-header-display":"","ast-hfb-below-header-display":"","ast-hfb-mobile-header-display":"","site-post-title":"","ast-breadcrumbs-content":"","ast-featured-img":"","footer-sml-layout":"","theme-transparent-header-meta":"","adv-header-id-meta":"","stick-header-meta":"","header-above-stick-meta":"","header-main-stick-meta":"","header-below-stick-meta":"","astra-migrate-meta-layouts":"default","ast-page-background-enabled":"default","ast-page-background-meta":{"desktop":{"background-color":"var(--ast-global-color-4)","background-image":"","background-repeat":"repeat","background-position":"center center","background-size":"auto","background-attachment":"scroll","background-type":"","background-media":"","overlay-type":"","overlay-color":"","overlay-opacity":"","overlay-gradient":""},"tablet":{"background-color":"","background-image":"","background-repeat":"repeat","background-position":"center center","background-size":"auto","background-attachment":"scroll","background-type":"","background-media":"","overlay-type":"","overlay-color":"","overlay-opacity":"","overlay-gradient":""},"mobile":{"background-color":"","background-image":"","background-repeat":"repeat","background-position":"center center","background-size":"auto","background-attachment":"scroll","background-type":"","background-media":"","overlay-type":"","overlay-color":"","overlay-opacity":"","overlay-gradient":""}},"ast-content-background-meta":{"desktop":{"background-color":"var(--ast-global-color-5)","background-image":"","background-repeat":"repeat","background-position":"center center","background-size":"auto","background-attachment":"scroll","background-type":"","background-media":"","overlay-type":"","overlay-color":"","overlay-opacity":"","overlay-gradient":""},"tablet":{"background-color":"var(--ast-global-color-5)","background-image":"","background-repeat":"repeat","background-position":"center center","background-size":"auto","background-attachment":"scroll","background-type":"","background-media":"","overlay-type":"","overlay-color":"","overlay-opacity":"","overlay-gradient":""},"mobile":{"background-color":"var(--ast-global-color-5)","background-image":"","background-repeat":"repeat","background-position":"center center","background-size":"auto","background-attachment":"scroll","background-type":"","background-media":"","overlay-type":"","overlay-color":"","overlay-opacity":"","overlay-gradient":""}}},"class_list":["post-1191","product","type-product","status-publish","has-post-thumbnail","hentry"],"_links":{"self":[{"href":"https:\/\/healthypleasures.de\/en\/wp-json\/wp\/v2\/product\/1191","targetHints":{"allow":["GET"]}}],"collection":[{"href":"https:\/\/healthypleasures.de\/en\/wp-json\/wp\/v2\/product"}],"about":[{"href":"https:\/\/healthypleasures.de\/en\/wp-json\/wp\/v2\/types\/product"}],"wp:featuredmedia":[{"embeddable":true,"href":"https:\/\/healthypleasures.de\/en\/wp-json\/wp\/v2\/media\/2541"}],"wp:attachment":[{"href":"https:\/\/healthypleasures.de\/en\/wp-json\/wp\/v2\/media?parent=1191"}],"curies":[{"name":"wp","href":"https:\/\/api.w.org\/{rel}","templated":true}]}}