{"id":1194,"date":"2018-10-10T08:00:43","date_gmt":"2018-10-10T08:00:43","guid":{"rendered":"http:\/\/hp.dev-soft.pl\/products\/beauty-fuel-skin-glow-komplex\/"},"modified":"2018-10-18T08:02:33","modified_gmt":"2018-10-18T08:02:33","slug":"beauty-fuel-skin-glow-komplex","status":"publish","type":"product","link":"https:\/\/healthypleasures.de\/en\/products\/beauty-fuel-skin-glow-komplex\/","title":{"rendered":"BEAUTY FUEL Skin Glow Komplex"},"content":{"rendered":"<p>Beschreibung:<\/p>\n<p>Der Feuchtigkeits-Booster von innen, f\u00fcr eine nat\u00fcrliche Ausstrahlung.<br \/>\nDer Beauty Fuel Skin Glow-Komplex unterst\u00fctzt die Haut, Feuchtigkeit zu binden. So wird die Hyaluronbildung gef\u00f6rdert und die Widerstandsf\u00e4higkeit der Haut gegen\u00fcber den durch Umweltstress bedingten Zellsch\u00e4den gest\u00e4rkt. R\u00f6tungen, Flecken und Falten nehmen deutlich ab.<\/p>\n","protected":false},"featured_media":861,"template":"","meta":{"site-sidebar-layout":"default","site-content-layout":"","ast-site-content-layout":"","site-content-style":"default","site-sidebar-style":"default","ast-global-header-display":"","ast-banner-title-visibility":"","ast-main-header-display":"","ast-hfb-above-header-display":"","ast-hfb-below-header-display":"","ast-hfb-mobile-header-display":"","site-post-title":"","ast-breadcrumbs-content":"","ast-featured-img":"","footer-sml-layout":"","theme-transparent-header-meta":"","adv-header-id-meta":"","stick-header-meta":"","header-above-stick-meta":"","header-main-stick-meta":"","header-below-stick-meta":"","astra-migrate-meta-layouts":"default","ast-page-background-enabled":"default","ast-page-background-meta":{"desktop":{"background-color":"var(--ast-global-color-4)","background-image":"","background-repeat":"repeat","background-position":"center center","background-size":"auto","background-attachment":"scroll","background-type":"","background-media":"","overlay-type":"","overlay-color":"","overlay-opacity":"","overlay-gradient":""},"tablet":{"background-color":"","background-image":"","background-repeat":"repeat","background-position":"center center","background-size":"auto","background-attachment":"scroll","background-type":"","background-media":"","overlay-type":"","overlay-color":"","overlay-opacity":"","overlay-gradient":""},"mobile":{"background-color":"","background-image":"","background-repeat":"repeat","background-position":"center center","background-size":"auto","background-attachment":"scroll","background-type":"","background-media":"","overlay-type":"","overlay-color":"","overlay-opacity":"","overlay-gradient":""}},"ast-content-background-meta":{"desktop":{"background-color":"var(--ast-global-color-5)","background-image":"","background-repeat":"repeat","background-position":"center center","background-size":"auto","background-attachment":"scroll","background-type":"","background-media":"","overlay-type":"","overlay-color":"","overlay-opacity":"","overlay-gradient":""},"tablet":{"background-color":"var(--ast-global-color-5)","background-image":"","background-repeat":"repeat","background-position":"center center","background-size":"auto","background-attachment":"scroll","background-type":"","background-media":"","overlay-type":"","overlay-color":"","overlay-opacity":"","overlay-gradient":""},"mobile":{"background-color":"var(--ast-global-color-5)","background-image":"","background-repeat":"repeat","background-position":"center center","background-size":"auto","background-attachment":"scroll","background-type":"","background-media":"","overlay-type":"","overlay-color":"","overlay-opacity":"","overlay-gradient":""}}},"class_list":["post-1194","product","type-product","status-publish","has-post-thumbnail","hentry"],"_links":{"self":[{"href":"https:\/\/healthypleasures.de\/en\/wp-json\/wp\/v2\/product\/1194","targetHints":{"allow":["GET"]}}],"collection":[{"href":"https:\/\/healthypleasures.de\/en\/wp-json\/wp\/v2\/product"}],"about":[{"href":"https:\/\/healthypleasures.de\/en\/wp-json\/wp\/v2\/types\/product"}],"wp:featuredmedia":[{"embeddable":true,"href":"https:\/\/healthypleasures.de\/en\/wp-json\/wp\/v2\/media\/861"}],"wp:attachment":[{"href":"https:\/\/healthypleasures.de\/en\/wp-json\/wp\/v2\/media?parent=1194"}],"curies":[{"name":"wp","href":"https:\/\/api.w.org\/{rel}","templated":true}]}}